{"id":4773,"date":"2024-07-16T13:11:31","date_gmt":"2024-07-16T13:11:31","guid":{"rendered":"https:\/\/tajus.eu\/?page_id=4773"},"modified":"2024-07-17T16:48:25","modified_gmt":"2024-07-17T14:48:25","slug":"custom-tours","status":"publish","type":"page","link":"https:\/\/tajus.eu\/sl\/custom-tours\/","title":{"rendered":"Avanture po meri"},"content":{"rendered":"<div data-elementor-type=\"wp-page\" data-elementor-id=\"4773\" class=\"elementor elementor-4773\" data-elementor-post-type=\"page\">\n\t\t\t\t<div class=\"elementor-element elementor-element-344f987 e-flex e-con-boxed e-con e-parent\" data-id=\"344f987\" data-element_type=\"container\" data-e-type=\"container\" data-settings=\"{&quot;background_background&quot;:&quot;classic&quot;}\">\n\t\t\t\t\t<div class=\"e-con-inner\">\n\t\t\t\t<div class=\"elementor-element elementor-element-42491b8 elementor-widget__width-inherit elementor-widget-mobile__width-inherit elementor-widget elementor-widget-heading\" data-id=\"42491b8\" data-element_type=\"widget\" data-e-type=\"widget\" data-widget_type=\"heading.default\">\n\t\t\t\t<div class=\"elementor-widget-container\">\n\t\t\t\t\t<h2 class=\"elementor-heading-title elementor-size-default\">Avanture po meri<\/h2>\t\t\t\t<\/div>\n\t\t\t\t<\/div>\n\t\t\t\t\t<\/div>\n\t\t\t\t<\/div>\n\t\t<div class=\"elementor-element elementor-element-befa888 e-flex e-con-boxed e-con e-parent\" data-id=\"befa888\" data-element_type=\"container\" data-e-type=\"container\">\n\t\t\t\t\t<div class=\"e-con-inner\">\n\t\t\t\t<div class=\"elementor-element elementor-element-201ee0e elementor-widget elementor-widget-text-editor\" data-id=\"201ee0e\" data-element_type=\"widget\" data-e-type=\"widget\" data-widget_type=\"text-editor.default\">\n\t\t\t\t<div class=\"elementor-widget-container\">\n\t\t\t\t\t\t\t\t\t<p>Program potovanja lahko povsem prilagodimo va\u0161im \u017eeljam, pa naj gre za izlet z dru\u017eino, partnerjem, prijatelji, sodelavci ali poslovnimi partnerji. Najlep\u0161i trenutki in najbolj\u0161e ideje se obi\u010dajno porodijo med spro\u0161\u010denim dru\u017eenjem, \u0161e zlasti, \u010de smo obdani s \u010dudovito naravo in ob razvajanju brbon\u010dic z dobro kulinariko.\nSporo\u010dite, kak\u0161ne aktivnosti imate v mislih in ali vas mika \u010drnogorsko visokogorje, Skadarsko jezero, kanjon reke Tare ali morska obala, mi pa bomo poskrbeli za vse ostalo.<\/p>\t\t\t\t\t\t\t\t<\/div>\n\t\t\t\t<\/div>\n\t\t<div class=\"elementor-element elementor-element-3e7fcd4 e-con-full e-flex e-con e-child\" data-id=\"3e7fcd4\" data-element_type=\"container\" data-e-type=\"container\">\n\t\t\t\t<div class=\"elementor-element elementor-element-2b80ec6 elementor-widget__width-initial elementor-widget elementor-widget-heading\" data-id=\"2b80ec6\" data-element_type=\"widget\" data-e-type=\"widget\" data-widget_type=\"heading.default\">\n\t\t\t\t<div class=\"elementor-widget-container\">\n\t\t\t\t\t<h2 class=\"elementor-heading-title elementor-size-default\">Ustvarite svojo turo po meri<\/h2>\t\t\t\t<\/div>\n\t\t\t\t<\/div>\n\t\t\t\t<\/div>\n\t\t\t\t\t<\/div>\n\t\t\t\t<\/div>\n\t\t<div class=\"elementor-element elementor-element-361ccb3 e-flex e-con-boxed e-con e-parent\" data-id=\"361ccb3\" data-element_type=\"container\" data-e-type=\"container\">\n\t\t\t\t\t<div class=\"e-con-inner\">\n\t\t\t\t<div class=\"elementor-element elementor-element-01f18de elementor-button-align-stretch elementor-widget elementor-widget-form\" data-id=\"01f18de\" data-element_type=\"widget\" data-e-type=\"widget\" data-settings=\"{&quot;step_next_label&quot;:&quot;Next&quot;,&quot;step_previous_label&quot;:&quot;Previous&quot;,&quot;button_width&quot;:&quot;100&quot;,&quot;step_type&quot;:&quot;number_text&quot;,&quot;step_icon_shape&quot;:&quot;circle&quot;}\" data-widget_type=\"form.default\">\n\t\t\t\t<div class=\"elementor-widget-container\">\n\t\t\t\t\t\t\t<form class=\"elementor-form\" method=\"post\" name=\"New Form\" aria-label=\"New Form\" action=\"\">\n\t\t\t<input type=\"hidden\" name=\"post_id\" value=\"4773\"\/>\n\t\t\t<input type=\"hidden\" name=\"form_id\" value=\"01f18de\"\/>\n\t\t\t<input type=\"hidden\" name=\"referer_title\" value=\"\" \/>\n\n\t\t\t\n\t\t\t<div class=\"elementor-form-fields-wrapper elementor-labels-above\">\n\t\t\t\t\t\t\t\t<div class=\"elementor-field-type-step elementor-field-group elementor-column elementor-field-group-field_e0a3a9c elementor-col-100\">\n\t\t\t\t\t\t\t<div class=\"e-field-step elementor-hidden\" data-label=\"Your Info\" data-previousbutton=\"\" data-nextbutton=\"\" data-iconurl=\"\" data-iconlibrary=\"fas fa-info-circle\" data-icon=\"&lt;svg class=&quot;e-font-icon-svg e-fas-info-circle&quot; viewBox=&quot;0 0 512 512&quot; xmlns=&quot;http:\/\/www.w3.org\/2000\/svg&quot;&gt;&lt;path d=&quot;M256 8C119.043 8 8 119.083 8 256c0 136.997 111.043 248 248 248s248-111.003 248-248C504 119.083 392.957 8 256 8zm0 110c23.196 0 42 18.804 42 42s-18.804 42-42 42-42-18.804-42-42 18.804-42 42-42zm56 254c0 6.627-5.373 12-12 12h-88c-6.627 0-12-5.373-12-12v-24c0-6.627 5.373-12 12-12h12v-64h-12c-6.627 0-12-5.373-12-12v-24c0-6.627 5.373-12 12-12h64c6.627 0 12 5.373 12 12v100h12c6.627 0 12 5.373 12 12v24z&quot;&gt;&lt;\/path&gt;&lt;\/svg&gt;\" ><\/div>\n\n\t\t\t\t\t\t<\/div>\n\t\t\t\t\t\t\t\t<div class=\"elementor-field-type-text elementor-field-group elementor-column elementor-field-group-name elementor-col-50\">\n\t\t\t\t\t\t\t\t\t\t\t\t<label for=\"form-field-name\" class=\"elementor-field-label\">\n\t\t\t\t\t\t\t\tIme\t\t\t\t\t\t\t<\/label>\n\t\t\t\t\t\t\t\t\t\t\t\t\t\t<input size=\"1\" type=\"text\" name=\"form_fields[name]\" id=\"form-field-name\" class=\"elementor-field elementor-size-sm  elementor-field-textual\" placeholder=\"Ime\">\n\t\t\t\t\t\t\t\t\t\t\t<\/div>\n\t\t\t\t\t\t\t\t<div class=\"elementor-field-type-text elementor-field-group elementor-column elementor-field-group-field_fe260d8 elementor-col-50\">\n\t\t\t\t\t\t\t\t\t\t\t\t<label for=\"form-field-field_fe260d8\" class=\"elementor-field-label\">\n\t\t\t\t\t\t\t\tPriimek\t\t\t\t\t\t\t<\/label>\n\t\t\t\t\t\t\t\t\t\t\t\t\t\t<input size=\"1\" type=\"text\" name=\"form_fields[field_fe260d8]\" id=\"form-field-field_fe260d8\" class=\"elementor-field elementor-size-sm  elementor-field-textual\" placeholder=\"Priimek\">\n\t\t\t\t\t\t\t\t\t\t\t<\/div>\n\t\t\t\t\t\t\t\t<div class=\"elementor-field-type-email elementor-field-group elementor-column elementor-field-group-email elementor-col-100 elementor-field-required\">\n\t\t\t\t\t\t\t\t\t\t\t\t<label for=\"form-field-email\" class=\"elementor-field-label\">\n\t\t\t\t\t\t\t\tEmail\t\t\t\t\t\t\t<\/label>\n\t\t\t\t\t\t\t\t\t\t\t\t\t\t<input size=\"1\" type=\"email\" name=\"form_fields[email]\" id=\"form-field-email\" class=\"elementor-field elementor-size-sm  elementor-field-textual\" placeholder=\"Email\" required=\"required\">\n\t\t\t\t\t\t\t\t\t\t\t<\/div>\n\t\t\t\t\t\t\t\t<div class=\"elementor-field-type-tel elementor-field-group elementor-column elementor-field-group-field_f83b0e6 elementor-col-100 elementor-field-required\">\n\t\t\t\t\t\t\t\t\t\t\t\t<label for=\"form-field-field_f83b0e6\" class=\"elementor-field-label\">\n\t\t\t\t\t\t\t\tTelefon\t\t\t\t\t\t\t<\/label>\n\t\t\t\t\t\t\t\t<input size=\"1\" type=\"tel\" name=\"form_fields[field_f83b0e6]\" id=\"form-field-field_f83b0e6\" class=\"elementor-field elementor-size-sm  elementor-field-textual\" placeholder=\"Telefon\" required=\"required\" pattern=\"[0-9()#&amp;+*-=.]+\" title=\"Only numbers and phone characters (#, -, *, etc) are accepted.\">\n\n\t\t\t\t\t\t<\/div>\n\t\t\t\t\t\t\t\t<div class=\"elementor-field-type-step elementor-field-group elementor-column elementor-field-group-field_8cfbd2d elementor-col-100\">\n\t\t\t\t\t\t\t<div class=\"e-field-step elementor-hidden\" data-label=\"Tour Info\" data-previousbutton=\"\" data-nextbutton=\"\" data-iconurl=\"\" data-iconlibrary=\"fas fa-suitcase-rolling\" data-icon=\"&lt;svg class=&quot;e-font-icon-svg e-fas-suitcase-rolling&quot; viewBox=&quot;0 0 384 512&quot; xmlns=&quot;http:\/\/www.w3.org\/2000\/svg&quot;&gt;&lt;path d=&quot;M336 160H48c-26.51 0-48 21.49-48 48v224c0 26.51 21.49 48 48 48h16v16c0 8.84 7.16 16 16 16h32c8.84 0 16-7.16 16-16v-16h128v16c0 8.84 7.16 16 16 16h32c8.84 0 16-7.16 16-16v-16h16c26.51 0 48-21.49 48-48V208c0-26.51-21.49-48-48-48zm-16 216c0 4.42-3.58 8-8 8H72c-4.42 0-8-3.58-8-8v-16c0-4.42 3.58-8 8-8h240c4.42 0 8 3.58 8 8v16zm0-96c0 4.42-3.58 8-8 8H72c-4.42 0-8-3.58-8-8v-16c0-4.42 3.58-8 8-8h240c4.42 0 8 3.58 8 8v16zM144 48h96v80h48V48c0-26.51-21.49-48-48-48h-96c-26.51 0-48 21.49-48 48v80h48V48z&quot;&gt;&lt;\/path&gt;&lt;\/svg&gt;\" ><\/div>\n\n\t\t\t\t\t\t<\/div>\n\t\t\t\t\t\t\t\t<div class=\"elementor-field-type-date elementor-field-group elementor-column elementor-field-group-field_723cc22 elementor-col-50 elementor-field-required\">\n\t\t\t\t\t\t\t\t\t\t\t\t<label for=\"form-field-field_723cc22\" class=\"elementor-field-label\">\n\t\t\t\t\t\t\t\tZa\u010detek potovanja\t\t\t\t\t\t\t<\/label>\n\t\t\t\t\t\t\n\t\t<input type=\"date\" name=\"form_fields[field_723cc22]\" id=\"form-field-field_723cc22\" class=\"elementor-field elementor-size-sm  elementor-field-textual elementor-date-field\" placeholder=\"Za\u010detek potovanja\" required=\"required\" pattern=\"[0-9]{4}-[0-9]{2}-[0-9]{2}\">\n\t\t\t\t\t\t<\/div>\n\t\t\t\t\t\t\t\t<div class=\"elementor-field-type-date elementor-field-group elementor-column elementor-field-group-field_bf9bdca elementor-col-50 elementor-field-required\">\n\t\t\t\t\t\t\t\t\t\t\t\t<label for=\"form-field-field_bf9bdca\" class=\"elementor-field-label\">\n\t\t\t\t\t\t\t\tKonec potovanja\t\t\t\t\t\t\t<\/label>\n\t\t\t\t\t\t\n\t\t<input type=\"date\" name=\"form_fields[field_bf9bdca]\" id=\"form-field-field_bf9bdca\" class=\"elementor-field elementor-size-sm  elementor-field-textual elementor-date-field\" placeholder=\"Konec potovanja\" required=\"required\" pattern=\"[0-9]{4}-[0-9]{2}-[0-9]{2}\">\n\t\t\t\t\t\t<\/div>\n\t\t\t\t\t\t\t\t<div class=\"elementor-field-type-checkbox elementor-field-group elementor-column elementor-field-group-field_a786bfe elementor-col-100\">\n\t\t\t\t\t\t\t\t\t\t\t\t<label for=\"form-field-field_a786bfe\" class=\"elementor-field-label\">\n\t\t\t\t\t\t\t\tAktivnosti\t\t\t\t\t\t\t<\/label>\n\t\t\t\t\t\t<div class=\"elementor-field-subgroup  elementor-subgroup-inline\"><span class=\"elementor-field-option\"><input type=\"checkbox\" value=\"ATV \/ Buggy\" id=\"form-field-field_a786bfe-0\" name=\"form_fields[field_a786bfe][]\"> <label for=\"form-field-field_a786bfe-0\">ATV \/ Buggy<\/label><\/span><span class=\"elementor-field-option\"><input type=\"checkbox\" value=\"Jeep\" id=\"form-field-field_a786bfe-1\" name=\"form_fields[field_a786bfe][]\"> <label for=\"form-field-field_a786bfe-1\">Jeep<\/label><\/span><span class=\"elementor-field-option\"><input type=\"checkbox\" value=\"Rafting\" id=\"form-field-field_a786bfe-2\" name=\"form_fields[field_a786bfe][]\"> <label for=\"form-field-field_a786bfe-2\">Rafting<\/label><\/span><span class=\"elementor-field-option\"><input type=\"checkbox\" value=\"eBike\" id=\"form-field-field_a786bfe-3\" name=\"form_fields[field_a786bfe][]\"> <label for=\"form-field-field_a786bfe-3\">eBike<\/label><\/span><span class=\"elementor-field-option\"><input type=\"checkbox\" value=\"Canyoning\" id=\"form-field-field_a786bfe-4\" name=\"form_fields[field_a786bfe][]\"> <label for=\"form-field-field_a786bfe-4\">Kanjoning<\/label><\/span><span class=\"elementor-field-option\"><input type=\"checkbox\" value=\"Boating\" id=\"form-field-field_a786bfe-5\" name=\"form_fields[field_a786bfe][]\"> <label for=\"form-field-field_a786bfe-5\">Boating<\/label><\/span><span class=\"elementor-field-option\"><input type=\"checkbox\" value=\"Snowmobile\" id=\"form-field-field_a786bfe-6\" name=\"form_fields[field_a786bfe][]\"> <label for=\"form-field-field_a786bfe-6\">Motorne sani<\/label><\/span><span class=\"elementor-field-option\"><input type=\"checkbox\" value=\"Skiing\" id=\"form-field-field_a786bfe-7\" name=\"form_fields[field_a786bfe][]\"> <label for=\"form-field-field_a786bfe-7\">Smuka<\/label><\/span><\/div>\t\t\t\t<\/div>\n\t\t\t\t\t\t\t\t<div class=\"elementor-field-type-number elementor-field-group elementor-column elementor-field-group-field_e036849 elementor-col-100 elementor-field-required\">\n\t\t\t\t\t\t\t\t\t\t\t\t<label for=\"form-field-field_e036849\" class=\"elementor-field-label\">\n\t\t\t\t\t\t\t\t\u0160tevilo udele\u017eencev\t\t\t\t\t\t\t<\/label>\n\t\t\t\t\t\t\t\t\t<input type=\"number\" name=\"form_fields[field_e036849]\" id=\"form-field-field_e036849\" class=\"elementor-field elementor-size-sm  elementor-field-textual\" required=\"required\" min=\"\" max=\"\" >\n\t\t\t\t\t\t<\/div>\n\t\t\t\t\t\t\t\t<div class=\"elementor-field-type-radio elementor-field-group elementor-column elementor-field-group-field_4172ca3 elementor-col-100 elementor-field-required\">\n\t\t\t\t\t\t\t\t\t\t\t\t<label for=\"form-field-field_4172ca3\" class=\"elementor-field-label\">\n\t\t\t\t\t\t\t\t\u017deleni na\u010din prevoza\t\t\t\t\t\t\t<\/label>\n\t\t\t\t\t\t<div class=\"elementor-field-subgroup\"><span class=\"elementor-field-option\"><input type=\"radio\" value=\"Plane (from Ljubljana or Zagreb to Podgorica)\" id=\"form-field-field_4172ca3-0\" name=\"form_fields[field_4172ca3]\" required=\"required\"> <label for=\"form-field-field_4172ca3-0\">Letalo (iz Ljubljane ali Zagreba do Podgorice)<\/label><\/span><span class=\"elementor-field-option\"><input type=\"radio\" value=\"Organized van transportation (for groups larger than 8 people)\" id=\"form-field-field_4172ca3-1\" name=\"form_fields[field_4172ca3]\" required=\"required\"> <label for=\"form-field-field_4172ca3-1\">Organiziran prevoz z minibusom (za skupine ve\u010d od 8 oseb)<\/label><\/span><span class=\"elementor-field-option\"><input type=\"radio\" value=\"Self-transportation\" id=\"form-field-field_4172ca3-2\" name=\"form_fields[field_4172ca3]\" required=\"required\"> <label for=\"form-field-field_4172ca3-2\">Lasten prevoz<\/label><\/span><\/div>\t\t\t\t<\/div>\n\t\t\t\t\t\t\t\t<div class=\"elementor-field-type-textarea elementor-field-group elementor-column elementor-field-group-field_9b2c61b elementor-col-100\">\n\t\t\t\t\t\t\t\t\t\t\t\t<label for=\"form-field-field_9b2c61b\" class=\"elementor-field-label\">\n\t\t\t\t\t\t\t\tSporo\u010dilo (neobvezno)\t\t\t\t\t\t\t<\/label>\n\t\t\t\t\t\t<textarea class=\"elementor-field-textual elementor-field  elementor-size-sm\" name=\"form_fields[field_9b2c61b]\" id=\"form-field-field_9b2c61b\" rows=\"4\"><\/textarea>\t\t\t\t<\/div>\n\t\t\t\t\t\t\t\t<div class=\"elementor-field-type-acceptance elementor-field-group elementor-column elementor-field-group-field_6e95cf1 elementor-col-100\">\n\t\t\t\t\t\t\t\t\t\t\t\t<label for=\"form-field-field_6e95cf1\" class=\"elementor-field-label\">\n\t\t\t\t\t\t\t\tNove ponudbe\t\t\t\t\t\t\t<\/label>\n\t\t\t\t\t\t\t\t<div class=\"elementor-field-subgroup\">\n\t\t\t<span class=\"elementor-field-option\">\n\t\t\t\t<input type=\"checkbox\" name=\"form_fields[field_6e95cf1]\" id=\"form-field-field_6e95cf1\" class=\"elementor-field elementor-size-sm  elementor-acceptance-field\">\n\t\t\t\t<label for=\"form-field-field_6e95cf1\">\u017delim biti obve\u0161\u010den o novih ponudbah preko navedenega elektronskega naslova.<\/label>\t\t\t<\/span>\n\t\t<\/div>\n\t\t\t\t\t\t<\/div>\n\t\t\t\t\t\t\t\t<div class=\"elementor-field-type-acceptance elementor-field-group elementor-column elementor-field-group-field_a6f75be elementor-col-100 elementor-field-required\">\n\t\t\t\t\t\t\t\t\t\t\t\t<label for=\"form-field-field_a6f75be\" class=\"elementor-field-label\">\n\t\t\t\t\t\t\t\tSoglasje\t\t\t\t\t\t\t<\/label>\n\t\t\t\t\t\t\t\t<div class=\"elementor-field-subgroup\">\n\t\t\t<span class=\"elementor-field-option\">\n\t\t\t\t<input type=\"checkbox\" name=\"form_fields[field_a6f75be]\" id=\"form-field-field_a6f75be\" class=\"elementor-field elementor-size-sm  elementor-acceptance-field\" required=\"required\">\n\t\t\t\t<label for=\"form-field-field_a6f75be\">Z oddajo tega obrazca sogla\u0161am s splo\u0161nimi pogoji in politiko zasebnosti podjetja.<\/label>\t\t\t<\/span>\n\t\t<\/div>\n\t\t\t\t\t\t<\/div>\n\t\t\t\t\t\t\t\t<div class=\"elementor-field-group elementor-column elementor-field-type-submit elementor-col-100 e-form__buttons\">\n\t\t\t\t\t<button class=\"elementor-button elementor-size-sm\" type=\"submit\">\n\t\t\t\t\t\t<span class=\"elementor-button-content-wrapper\">\n\t\t\t\t\t\t\t\t\t\t\t\t\t\t\t\t\t\t\t\t\t\t<span class=\"elementor-button-text\">Po\u0161lji<\/span>\n\t\t\t\t\t\t\t\t\t\t\t\t\t<\/span>\n\t\t\t\t\t<\/button>\n\t\t\t\t<\/div>\n\t\t\t<\/div>\n\t\t<input type=\"hidden\" name=\"trp-form-language\" value=\"sl\"\/><\/form>\n\t\t\t\t\t\t<\/div>\n\t\t\t\t<\/div>\n\t\t\t\t\t<\/div>\n\t\t\t\t<\/div>\n\t\t\t\t<\/div>","protected":false},"excerpt":{"rendered":"<p>Custom Adventure Tours We can fully adapt the travel program to your wishes, whether it is a trip with family, friends, colleagues, or business partners. The most beautiful moments and the best ideas are usually born during a relaxed gathering, especially if we are surrounded by beautiful nature and good cuisine. You let us know [&hellip;]<\/p>","protected":false},"author":1,"featured_media":0,"parent":0,"menu_order":0,"comment_status":"closed","ping_status":"closed","template":"","meta":{"_acf_changed":false,"footnotes":""},"class_list":["post-4773","page","type-page","status-publish","hentry"],"acf":[],"_links":{"self":[{"href":"https:\/\/tajus.eu\/sl\/wp-json\/wp\/v2\/pages\/4773","targetHints":{"allow":["GET"]}}],"collection":[{"href":"https:\/\/tajus.eu\/sl\/wp-json\/wp\/v2\/pages"}],"about":[{"href":"https:\/\/tajus.eu\/sl\/wp-json\/wp\/v2\/types\/page"}],"author":[{"embeddable":true,"href":"https:\/\/tajus.eu\/sl\/wp-json\/wp\/v2\/users\/1"}],"replies":[{"embeddable":true,"href":"https:\/\/tajus.eu\/sl\/wp-json\/wp\/v2\/comments?post=4773"}],"version-history":[{"count":76,"href":"https:\/\/tajus.eu\/sl\/wp-json\/wp\/v2\/pages\/4773\/revisions"}],"predecessor-version":[{"id":5418,"href":"https:\/\/tajus.eu\/sl\/wp-json\/wp\/v2\/pages\/4773\/revisions\/5418"}],"wp:attachment":[{"href":"https:\/\/tajus.eu\/sl\/wp-json\/wp\/v2\/media?parent=4773"}],"curies":[{"name":"wp","href":"https:\/\/api.w.org\/{rel}","templated":true}]}}