{"id":5172,"date":"2024-07-17T07:00:11","date_gmt":"2024-07-17T07:00:11","guid":{"rendered":"https:\/\/tajus.eu\/?page_id=5172"},"modified":"2024-07-17T08:25:14","modified_gmt":"2024-07-17T08:25:14","slug":"jeep","status":"publish","type":"page","link":"https:\/\/tajus.eu\/sl\/jeep\/","title":{"rendered":"Jeep"},"content":{"rendered":"<div data-elementor-type=\"wp-page\" data-elementor-id=\"5172\" class=\"elementor elementor-5172\" data-elementor-post-type=\"page\">\n\t\t\t\t<div class=\"elementor-element elementor-element-ad25f20 e-flex e-con-boxed e-con e-parent\" data-id=\"ad25f20\" data-element_type=\"container\" data-e-type=\"container\" data-settings=\"{&quot;background_background&quot;:&quot;classic&quot;}\">\n\t\t\t\t\t<div class=\"e-con-inner\">\n\t\t\t\t<div class=\"elementor-element elementor-element-01c8c1b elementor-widget__width-inherit elementor-widget-mobile__width-inherit elementor-widget elementor-widget-heading\" data-id=\"01c8c1b\" data-element_type=\"widget\" data-e-type=\"widget\" data-widget_type=\"heading.default\">\n\t\t\t\t<div class=\"elementor-widget-container\">\n\t\t\t\t\t<h2 class=\"elementor-heading-title elementor-size-default\">Jeep<\/h2>\t\t\t\t<\/div>\n\t\t\t\t<\/div>\n\t\t\t\t\t<\/div>\n\t\t\t\t<\/div>\n\t\t<div class=\"elementor-element elementor-element-6eae1e5 e-flex e-con-boxed e-con e-parent\" data-id=\"6eae1e5\" data-element_type=\"container\" data-e-type=\"container\">\n\t\t\t\t\t<div class=\"e-con-inner\">\n\t\t\t\t<div class=\"elementor-element elementor-element-ea37934 elementor-widget elementor-widget-text-editor\" data-id=\"ea37934\" data-element_type=\"widget\" data-e-type=\"widget\" data-widget_type=\"text-editor.default\">\n\t\t\t\t<div class=\"elementor-widget-container\">\n\t\t\t\t\t\t\t\t\t<p>Razi\u0161\u010dite lepote \u010crne gore s terenskimi vozili. Odkrijte osupljivo pokrajino \u010drnogorskih hribov in obale v udobju vozila 4x4, pri \u010demer vas bo vodil izku\u0161en vodnik. Prevozite divje terene, obi\u0161\u010dite skrite dragulje in u\u017eivajte v panoramskih razgledih, ki vas bodo navdu\u0161ili. Ne zamudite te nepozabne avanture in rezervirajte svojo \u00bbjeep turo\u00ab \u017ee danes.<\/p>\t\t\t\t\t\t\t\t<\/div>\n\t\t\t\t<\/div>\n\t\t<div class=\"elementor-element elementor-element-68ce6bd e-con-full e-flex e-con e-child\" data-id=\"68ce6bd\" data-element_type=\"container\" data-e-type=\"container\">\n\t\t\t\t<div class=\"elementor-element elementor-element-7bded3f elementor-widget__width-initial elementor-widget elementor-widget-heading\" data-id=\"7bded3f\" data-element_type=\"widget\" data-e-type=\"widget\" data-widget_type=\"heading.default\">\n\t\t\t\t<div class=\"elementor-widget-container\">\n\t\t\t\t\t<h2 class=\"elementor-heading-title elementor-size-default\">Programi potovanja:<\/h2>\t\t\t\t<\/div>\n\t\t\t\t<\/div>\n\t\t\t\t<\/div>\n\t\t\t\t\t<\/div>\n\t\t\t\t<\/div>\n\t\t<div class=\"elementor-element elementor-element-a910e04 e-flex e-con-boxed e-con e-parent\" data-id=\"a910e04\" data-element_type=\"container\" data-e-type=\"container\">\n\t\t\t\t\t<div class=\"e-con-inner\">\n\t\t\t\t<div class=\"elementor-element elementor-element-3d8bf86 elementor-widget elementor-widget-text-editor\" data-id=\"3d8bf86\" data-element_type=\"widget\" data-e-type=\"widget\" data-widget_type=\"text-editor.default\">\n\t\t\t\t<div class=\"elementor-widget-container\">\n\t\t\t\t\t\t\t\t\t<p>Prosimo, <a href=\"\/sl\/custom-tours\/\">kontaktirajte nas<\/a>\u00a0za ture po meri.<\/p>\t\t\t\t\t\t\t\t<\/div>\n\t\t\t\t<\/div>\n\t\t\t\t<div class=\"elementor-element elementor-element-9114faf elementor-grid-3 elementor-grid-tablet-2 elementor-grid-mobile-1 elementor-widget elementor-widget-loop-grid\" data-id=\"9114faf\" data-element_type=\"widget\" data-e-type=\"widget\" data-settings=\"{&quot;template_id&quot;:&quot;4094&quot;,&quot;_skin&quot;:&quot;post&quot;,&quot;columns&quot;:&quot;3&quot;,&quot;columns_tablet&quot;:&quot;2&quot;,&quot;columns_mobile&quot;:&quot;1&quot;,&quot;edit_handle_selector&quot;:&quot;[data-elementor-type=\\&quot;loop-item\\&quot;]&quot;,&quot;row_gap&quot;:{&quot;unit&quot;:&quot;px&quot;,&quot;size&quot;:&quot;&quot;,&quot;sizes&quot;:[]},&quot;row_gap_tablet&quot;:{&quot;unit&quot;:&quot;px&quot;,&quot;size&quot;:&quot;&quot;,&quot;sizes&quot;:[]},&quot;row_gap_mobile&quot;:{&quot;unit&quot;:&quot;px&quot;,&quot;size&quot;:&quot;&quot;,&quot;sizes&quot;:[]}}\" data-widget_type=\"loop-grid.post\">\n\t\t\t\t<div class=\"elementor-widget-container\">\n\t\t\t\t\t\t\t<div class=\"e-loop-nothing-found-message\">\n\t\t<\/div>\n\t\t\t\t\t\t<\/div>\n\t\t\t\t<\/div>\n\t\t\t\t\t<\/div>\n\t\t\t\t<\/div>\n\t\t\t\t<\/div>","protected":false},"excerpt":{"rendered":"<p>Jeep Explore the beauty of Montenegro like never before with our exclusive jeep tour. Discover the breathtaking landscapes of the Montenegrin hills and coastline in the comfort of a 4\u00d74 vehicle, with an experienced guide leading the way. Traverse rugged terrain, visit hidden gems, and soak in panoramic views that will leave you spellbound. Don\u2019t [&hellip;]<\/p>","protected":false},"author":1,"featured_media":0,"parent":0,"menu_order":0,"comment_status":"closed","ping_status":"closed","template":"","meta":{"_acf_changed":false,"footnotes":""},"class_list":["post-5172","page","type-page","status-publish","hentry"],"acf":[],"_links":{"self":[{"href":"https:\/\/tajus.eu\/sl\/wp-json\/wp\/v2\/pages\/5172","targetHints":{"allow":["GET"]}}],"collection":[{"href":"https:\/\/tajus.eu\/sl\/wp-json\/wp\/v2\/pages"}],"about":[{"href":"https:\/\/tajus.eu\/sl\/wp-json\/wp\/v2\/types\/page"}],"author":[{"embeddable":true,"href":"https:\/\/tajus.eu\/sl\/wp-json\/wp\/v2\/users\/1"}],"replies":[{"embeddable":true,"href":"https:\/\/tajus.eu\/sl\/wp-json\/wp\/v2\/comments?post=5172"}],"version-history":[{"count":13,"href":"https:\/\/tajus.eu\/sl\/wp-json\/wp\/v2\/pages\/5172\/revisions"}],"predecessor-version":[{"id":5294,"href":"https:\/\/tajus.eu\/sl\/wp-json\/wp\/v2\/pages\/5172\/revisions\/5294"}],"wp:attachment":[{"href":"https:\/\/tajus.eu\/sl\/wp-json\/wp\/v2\/media?parent=5172"}],"curies":[{"name":"wp","href":"https:\/\/api.w.org\/{rel}","templated":true}]}}