{"id":5194,"date":"2024-07-17T07:13:34","date_gmt":"2024-07-17T07:13:34","guid":{"rendered":"https:\/\/tajus.eu\/?page_id=5194"},"modified":"2024-07-17T08:43:27","modified_gmt":"2024-07-17T08:43:27","slug":"ebike","status":"publish","type":"page","link":"https:\/\/tajus.eu\/sl\/ebike\/","title":{"rendered":"eBike"},"content":{"rendered":"<div data-elementor-type=\"wp-page\" data-elementor-id=\"5194\" class=\"elementor elementor-5194\" data-elementor-post-type=\"page\">\n\t\t\t\t<div class=\"elementor-element elementor-element-f7c32eb e-flex e-con-boxed e-con e-parent\" data-id=\"f7c32eb\" data-element_type=\"container\" data-e-type=\"container\" data-settings=\"{&quot;background_background&quot;:&quot;classic&quot;}\">\n\t\t\t\t\t<div class=\"e-con-inner\">\n\t\t\t\t<div class=\"elementor-element elementor-element-c5244fb elementor-widget__width-inherit elementor-widget-mobile__width-inherit elementor-widget elementor-widget-heading\" data-id=\"c5244fb\" data-element_type=\"widget\" data-e-type=\"widget\" data-widget_type=\"heading.default\">\n\t\t\t\t<div class=\"elementor-widget-container\">\n\t\t\t\t\t<h2 class=\"elementor-heading-title elementor-size-default\">eBike<\/h2>\t\t\t\t<\/div>\n\t\t\t\t<\/div>\n\t\t\t\t\t<\/div>\n\t\t\t\t<\/div>\n\t\t<div class=\"elementor-element elementor-element-19f8c47 e-flex e-con-boxed e-con e-parent\" data-id=\"19f8c47\" data-element_type=\"container\" data-e-type=\"container\">\n\t\t\t\t\t<div class=\"e-con-inner\">\n\t\t\t\t<div class=\"elementor-element elementor-element-0729994 elementor-widget elementor-widget-text-editor\" data-id=\"0729994\" data-element_type=\"widget\" data-e-type=\"widget\" data-widget_type=\"text-editor.default\">\n\t\t\t\t<div class=\"elementor-widget-container\">\n\t\t\t\t\t\t\t\t\t<p>Osupljivo lepoto \u010drnogorske pokrajine lahko odkrivate tudi z elektri\u010dnim kolesom. Brez posebnega napora lahko prevozite veliko kilometrov in premagujete tudi klance ter u\u017eivate v slikoviti pokrajini. E-kolo je idealna izbira za odkrivanje skritih biserov \u010drnogorske divjine, ne glede na starost in telesno pripravljenost.<\/p>\t\t\t\t\t\t\t\t<\/div>\n\t\t\t\t<\/div>\n\t\t<div class=\"elementor-element elementor-element-df89478 e-con-full e-flex e-con e-child\" data-id=\"df89478\" data-element_type=\"container\" data-e-type=\"container\">\n\t\t\t\t<div class=\"elementor-element elementor-element-b3457cd elementor-widget__width-initial elementor-widget elementor-widget-heading\" data-id=\"b3457cd\" data-element_type=\"widget\" data-e-type=\"widget\" data-widget_type=\"heading.default\">\n\t\t\t\t<div class=\"elementor-widget-container\">\n\t\t\t\t\t<h2 class=\"elementor-heading-title elementor-size-default\">Programi potovanja:<\/h2>\t\t\t\t<\/div>\n\t\t\t\t<\/div>\n\t\t\t\t<\/div>\n\t\t\t\t\t<\/div>\n\t\t\t\t<\/div>\n\t\t<div class=\"elementor-element elementor-element-3599e7a e-flex e-con-boxed e-con e-parent\" data-id=\"3599e7a\" data-element_type=\"container\" data-e-type=\"container\">\n\t\t\t\t\t<div class=\"e-con-inner\">\n\t\t\t\t<div class=\"elementor-element elementor-element-472bdfb elementor-widget elementor-widget-text-editor\" data-id=\"472bdfb\" data-element_type=\"widget\" data-e-type=\"widget\" data-widget_type=\"text-editor.default\">\n\t\t\t\t<div class=\"elementor-widget-container\">\n\t\t\t\t\t\t\t\t\t<p>Prosimo, <a href=\"\/sl\/custom-tours\/\">kontaktirajte nas<\/a>\u00a0za ture po meri.<\/p>\t\t\t\t\t\t\t\t<\/div>\n\t\t\t\t<\/div>\n\t\t\t\t<div class=\"elementor-element elementor-element-995eefd elementor-grid-3 elementor-grid-tablet-2 elementor-grid-mobile-1 elementor-widget elementor-widget-loop-grid\" data-id=\"995eefd\" data-element_type=\"widget\" data-e-type=\"widget\" data-settings=\"{&quot;template_id&quot;:&quot;4094&quot;,&quot;_skin&quot;:&quot;post&quot;,&quot;columns&quot;:&quot;3&quot;,&quot;columns_tablet&quot;:&quot;2&quot;,&quot;columns_mobile&quot;:&quot;1&quot;,&quot;edit_handle_selector&quot;:&quot;[data-elementor-type=\\&quot;loop-item\\&quot;]&quot;,&quot;row_gap&quot;:{&quot;unit&quot;:&quot;px&quot;,&quot;size&quot;:&quot;&quot;,&quot;sizes&quot;:[]},&quot;row_gap_tablet&quot;:{&quot;unit&quot;:&quot;px&quot;,&quot;size&quot;:&quot;&quot;,&quot;sizes&quot;:[]},&quot;row_gap_mobile&quot;:{&quot;unit&quot;:&quot;px&quot;,&quot;size&quot;:&quot;&quot;,&quot;sizes&quot;:[]}}\" data-widget_type=\"loop-grid.post\">\n\t\t\t\t<div class=\"elementor-widget-container\">\n\t\t\t\t\t\t\t<div class=\"e-loop-nothing-found-message\">\n\t\t<\/div>\n\t\t\t\t\t\t<\/div>\n\t\t\t\t<\/div>\n\t\t\t\t\t<\/div>\n\t\t\t\t<\/div>\n\t\t\t\t<\/div>","protected":false},"excerpt":{"rendered":"<p>eBike Discover the wild beauty of Montenegro on an e-bike tour. With electric assistance, you can effortlessly explore the stunning scenery, covering more ground than you would on foot. Conquer hills and rugged terrain with ease, allowing you to venture farther and faster than ever before. This eco-friendly activity is suitable for all ages and [&hellip;]<\/p>","protected":false},"author":1,"featured_media":0,"parent":0,"menu_order":0,"comment_status":"closed","ping_status":"closed","template":"","meta":{"_acf_changed":false,"footnotes":""},"class_list":["post-5194","page","type-page","status-publish","hentry"],"acf":[],"_links":{"self":[{"href":"https:\/\/tajus.eu\/sl\/wp-json\/wp\/v2\/pages\/5194","targetHints":{"allow":["GET"]}}],"collection":[{"href":"https:\/\/tajus.eu\/sl\/wp-json\/wp\/v2\/pages"}],"about":[{"href":"https:\/\/tajus.eu\/sl\/wp-json\/wp\/v2\/types\/page"}],"author":[{"embeddable":true,"href":"https:\/\/tajus.eu\/sl\/wp-json\/wp\/v2\/users\/1"}],"replies":[{"embeddable":true,"href":"https:\/\/tajus.eu\/sl\/wp-json\/wp\/v2\/comments?post=5194"}],"version-history":[{"count":16,"href":"https:\/\/tajus.eu\/sl\/wp-json\/wp\/v2\/pages\/5194\/revisions"}],"predecessor-version":[{"id":5306,"href":"https:\/\/tajus.eu\/sl\/wp-json\/wp\/v2\/pages\/5194\/revisions\/5306"}],"wp:attachment":[{"href":"https:\/\/tajus.eu\/sl\/wp-json\/wp\/v2\/media?parent=5194"}],"curies":[{"name":"wp","href":"https:\/\/api.w.org\/{rel}","templated":true}]}}