{"id":5227,"date":"2024-07-17T07:21:29","date_gmt":"2024-07-17T07:21:29","guid":{"rendered":"https:\/\/tajus.eu\/?page_id=5227"},"modified":"2024-07-17T08:45:04","modified_gmt":"2024-07-17T08:45:04","slug":"canyoning","status":"publish","type":"page","link":"https:\/\/tajus.eu\/sl\/canyoning\/","title":{"rendered":"Kanjoning"},"content":{"rendered":"<div data-elementor-type=\"wp-page\" data-elementor-id=\"5227\" class=\"elementor elementor-5227\" data-elementor-post-type=\"page\">\n\t\t\t\t<div class=\"elementor-element elementor-element-a359d06 e-flex e-con-boxed e-con e-parent\" data-id=\"a359d06\" data-element_type=\"container\" data-e-type=\"container\" data-settings=\"{&quot;background_background&quot;:&quot;classic&quot;}\">\n\t\t\t\t\t<div class=\"e-con-inner\">\n\t\t\t\t<div class=\"elementor-element elementor-element-93fbcbb elementor-widget__width-inherit elementor-widget-mobile__width-inherit elementor-widget elementor-widget-heading\" data-id=\"93fbcbb\" data-element_type=\"widget\" data-e-type=\"widget\" data-widget_type=\"heading.default\">\n\t\t\t\t<div class=\"elementor-widget-container\">\n\t\t\t\t\t<h2 class=\"elementor-heading-title elementor-size-default\">Kanjoning<\/h2>\t\t\t\t<\/div>\n\t\t\t\t<\/div>\n\t\t\t\t\t<\/div>\n\t\t\t\t<\/div>\n\t\t<div class=\"elementor-element elementor-element-6834b0c e-flex e-con-boxed e-con e-parent\" data-id=\"6834b0c\" data-element_type=\"container\" data-e-type=\"container\">\n\t\t\t\t\t<div class=\"e-con-inner\">\n\t\t\t\t<div class=\"elementor-element elementor-element-33ca918 elementor-widget elementor-widget-text-editor\" data-id=\"33ca918\" data-element_type=\"widget\" data-e-type=\"widget\" data-widget_type=\"text-editor.default\">\n\t\t\t\t<div class=\"elementor-widget-container\">\n\t\t\t\t\t\t\t\t\t<p>Poskrbite za pravo dozo adrenalina s kanjoningom v \u010crni gori. Skoki v kristalno \u010diste naravne bazene, plezanje po pe\u010dinah in spu\u0161\u010danje po slapovih zagotavlja nepozabno avanturo. Izku\u0161eni vodniki bodo skrbeli za va\u0161o varnost, medtem ko boste odkrivali skrite koti\u010dke \u010dudovitega kanjona.<\/p>\t\t\t\t\t\t\t\t<\/div>\n\t\t\t\t<\/div>\n\t\t<div class=\"elementor-element elementor-element-9bd4d58 e-con-full e-flex e-con e-child\" data-id=\"9bd4d58\" data-element_type=\"container\" data-e-type=\"container\">\n\t\t\t\t<div class=\"elementor-element elementor-element-bcf3fa2 elementor-widget__width-initial elementor-widget elementor-widget-heading\" data-id=\"bcf3fa2\" data-element_type=\"widget\" data-e-type=\"widget\" data-widget_type=\"heading.default\">\n\t\t\t\t<div class=\"elementor-widget-container\">\n\t\t\t\t\t<h2 class=\"elementor-heading-title elementor-size-default\">Programi potovanja:<\/h2>\t\t\t\t<\/div>\n\t\t\t\t<\/div>\n\t\t\t\t<\/div>\n\t\t\t\t\t<\/div>\n\t\t\t\t<\/div>\n\t\t<div class=\"elementor-element elementor-element-c03e779 e-flex e-con-boxed e-con e-parent\" data-id=\"c03e779\" data-element_type=\"container\" data-e-type=\"container\">\n\t\t\t\t\t<div class=\"e-con-inner\">\n\t\t\t\t<div class=\"elementor-element elementor-element-79589a1 elementor-widget elementor-widget-text-editor\" data-id=\"79589a1\" data-element_type=\"widget\" data-e-type=\"widget\" data-widget_type=\"text-editor.default\">\n\t\t\t\t<div class=\"elementor-widget-container\">\n\t\t\t\t\t\t\t\t\t<p>Prosimo, <a href=\"\/sl\/custom-tours\/\">kontaktirajte nas<\/a>\u00a0za ture po meri.<\/p>\t\t\t\t\t\t\t\t<\/div>\n\t\t\t\t<\/div>\n\t\t\t\t<div class=\"elementor-element elementor-element-677af5b elementor-grid-3 elementor-grid-tablet-2 elementor-grid-mobile-1 elementor-widget elementor-widget-loop-grid\" data-id=\"677af5b\" data-element_type=\"widget\" data-e-type=\"widget\" data-settings=\"{&quot;template_id&quot;:&quot;4094&quot;,&quot;_skin&quot;:&quot;post&quot;,&quot;columns&quot;:&quot;3&quot;,&quot;columns_tablet&quot;:&quot;2&quot;,&quot;columns_mobile&quot;:&quot;1&quot;,&quot;edit_handle_selector&quot;:&quot;[data-elementor-type=\\&quot;loop-item\\&quot;]&quot;,&quot;row_gap&quot;:{&quot;unit&quot;:&quot;px&quot;,&quot;size&quot;:&quot;&quot;,&quot;sizes&quot;:[]},&quot;row_gap_tablet&quot;:{&quot;unit&quot;:&quot;px&quot;,&quot;size&quot;:&quot;&quot;,&quot;sizes&quot;:[]},&quot;row_gap_mobile&quot;:{&quot;unit&quot;:&quot;px&quot;,&quot;size&quot;:&quot;&quot;,&quot;sizes&quot;:[]}}\" data-widget_type=\"loop-grid.post\">\n\t\t\t\t<div class=\"elementor-widget-container\">\n\t\t\t\t\t\t\t<div class=\"e-loop-nothing-found-message\">\n\t\t<\/div>\n\t\t\t\t\t\t<\/div>\n\t\t\t\t<\/div>\n\t\t\t\t\t<\/div>\n\t\t\t\t<\/div>\n\t\t\t\t<\/div>","protected":false},"excerpt":{"rendered":"<p>Canyoning Get your adrenaline pumping with canyoning in Montenegro\u2019s rivers. Jump into clear pools, rappel down cliffs, and navigate waterfalls for an unforgettable adventure. Experienced guides prioritize your safety as you explore the stunning natural beauty. Book your excursion now for a thrilling connection with nature. Available Tours: Please contact us\u00a0to prepare a custom trip [&hellip;]<\/p>","protected":false},"author":1,"featured_media":0,"parent":0,"menu_order":0,"comment_status":"closed","ping_status":"closed","template":"","meta":{"_acf_changed":false,"footnotes":""},"class_list":["post-5227","page","type-page","status-publish","hentry"],"acf":[],"_links":{"self":[{"href":"https:\/\/tajus.eu\/sl\/wp-json\/wp\/v2\/pages\/5227","targetHints":{"allow":["GET"]}}],"collection":[{"href":"https:\/\/tajus.eu\/sl\/wp-json\/wp\/v2\/pages"}],"about":[{"href":"https:\/\/tajus.eu\/sl\/wp-json\/wp\/v2\/types\/page"}],"author":[{"embeddable":true,"href":"https:\/\/tajus.eu\/sl\/wp-json\/wp\/v2\/users\/1"}],"replies":[{"embeddable":true,"href":"https:\/\/tajus.eu\/sl\/wp-json\/wp\/v2\/comments?post=5227"}],"version-history":[{"count":13,"href":"https:\/\/tajus.eu\/sl\/wp-json\/wp\/v2\/pages\/5227\/revisions"}],"predecessor-version":[{"id":5315,"href":"https:\/\/tajus.eu\/sl\/wp-json\/wp\/v2\/pages\/5227\/revisions\/5315"}],"wp:attachment":[{"href":"https:\/\/tajus.eu\/sl\/wp-json\/wp\/v2\/media?parent=5227"}],"curies":[{"name":"wp","href":"https:\/\/api.w.org\/{rel}","templated":true}]}}