{"id":5252,"date":"2024-07-17T07:25:33","date_gmt":"2024-07-17T07:25:33","guid":{"rendered":"https:\/\/tajus.eu\/?page_id=5252"},"modified":"2024-07-17T08:46:10","modified_gmt":"2024-07-17T08:46:10","slug":"skiing","status":"publish","type":"page","link":"https:\/\/tajus.eu\/sl\/skiing\/","title":{"rendered":"Smuka"},"content":{"rendered":"<div data-elementor-type=\"wp-page\" data-elementor-id=\"5252\" class=\"elementor elementor-5252\" data-elementor-post-type=\"page\">\n\t\t\t\t<div class=\"elementor-element elementor-element-c1bbfc5 e-flex e-con-boxed e-con e-parent\" data-id=\"c1bbfc5\" data-element_type=\"container\" data-e-type=\"container\" data-settings=\"{&quot;background_background&quot;:&quot;classic&quot;}\">\n\t\t\t\t\t<div class=\"e-con-inner\">\n\t\t\t\t<div class=\"elementor-element elementor-element-8edc0cb elementor-widget__width-inherit elementor-widget-mobile__width-inherit elementor-widget elementor-widget-heading\" data-id=\"8edc0cb\" data-element_type=\"widget\" data-e-type=\"widget\" data-widget_type=\"heading.default\">\n\t\t\t\t<div class=\"elementor-widget-container\">\n\t\t\t\t\t<h2 class=\"elementor-heading-title elementor-size-default\">Smuka<\/h2>\t\t\t\t<\/div>\n\t\t\t\t<\/div>\n\t\t\t\t\t<\/div>\n\t\t\t\t<\/div>\n\t\t<div class=\"elementor-element elementor-element-4d0182d e-flex e-con-boxed e-con e-parent\" data-id=\"4d0182d\" data-element_type=\"container\" data-e-type=\"container\">\n\t\t\t\t\t<div class=\"e-con-inner\">\n\t\t\t\t<div class=\"elementor-element elementor-element-87f6a0c elementor-widget elementor-widget-text-editor\" data-id=\"87f6a0c\" data-element_type=\"widget\" data-e-type=\"widget\" data-widget_type=\"text-editor.default\">\n\t\t\t\t<div class=\"elementor-widget-container\">\n\t\t\t\t\t\t\t\t\t<div>Do\u017eivite smu\u010darsko avanturo na pobo\u010djih Kola\u0161ina v \u010crni gori. U\u017eivajte v smu\u010danju na urejenih progah ali v turni smuki, z razgledom na \u010dudovite gore.<\/div>\t\t\t\t\t\t\t\t<\/div>\n\t\t\t\t<\/div>\n\t\t<div class=\"elementor-element elementor-element-b5cf4cf e-con-full e-flex e-con e-child\" data-id=\"b5cf4cf\" data-element_type=\"container\" data-e-type=\"container\">\n\t\t\t\t<div class=\"elementor-element elementor-element-46857ce elementor-widget__width-initial elementor-widget elementor-widget-heading\" data-id=\"46857ce\" data-element_type=\"widget\" data-e-type=\"widget\" data-widget_type=\"heading.default\">\n\t\t\t\t<div class=\"elementor-widget-container\">\n\t\t\t\t\t<h2 class=\"elementor-heading-title elementor-size-default\">Programi potovanja:<\/h2>\t\t\t\t<\/div>\n\t\t\t\t<\/div>\n\t\t\t\t<\/div>\n\t\t\t\t\t<\/div>\n\t\t\t\t<\/div>\n\t\t<div class=\"elementor-element elementor-element-1f0a6fd e-flex e-con-boxed e-con e-parent\" data-id=\"1f0a6fd\" data-element_type=\"container\" data-e-type=\"container\">\n\t\t\t\t\t<div class=\"e-con-inner\">\n\t\t\t\t<div class=\"elementor-element elementor-element-d467bcf elementor-widget elementor-widget-text-editor\" data-id=\"d467bcf\" data-element_type=\"widget\" data-e-type=\"widget\" data-widget_type=\"text-editor.default\">\n\t\t\t\t<div class=\"elementor-widget-container\">\n\t\t\t\t\t\t\t\t\t<p>Prosimo, <a href=\"\/sl\/custom-tours\/\">kontaktirajte nas<\/a>\u00a0za ture po meri.<\/p>\t\t\t\t\t\t\t\t<\/div>\n\t\t\t\t<\/div>\n\t\t\t\t<div class=\"elementor-element elementor-element-ec9f444 elementor-grid-3 elementor-grid-tablet-2 elementor-grid-mobile-1 elementor-widget elementor-widget-loop-grid\" data-id=\"ec9f444\" data-element_type=\"widget\" data-e-type=\"widget\" data-settings=\"{&quot;template_id&quot;:&quot;4094&quot;,&quot;_skin&quot;:&quot;post&quot;,&quot;columns&quot;:&quot;3&quot;,&quot;columns_tablet&quot;:&quot;2&quot;,&quot;columns_mobile&quot;:&quot;1&quot;,&quot;edit_handle_selector&quot;:&quot;[data-elementor-type=\\&quot;loop-item\\&quot;]&quot;,&quot;row_gap&quot;:{&quot;unit&quot;:&quot;px&quot;,&quot;size&quot;:&quot;&quot;,&quot;sizes&quot;:[]},&quot;row_gap_tablet&quot;:{&quot;unit&quot;:&quot;px&quot;,&quot;size&quot;:&quot;&quot;,&quot;sizes&quot;:[]},&quot;row_gap_mobile&quot;:{&quot;unit&quot;:&quot;px&quot;,&quot;size&quot;:&quot;&quot;,&quot;sizes&quot;:[]}}\" data-widget_type=\"loop-grid.post\">\n\t\t\t\t<div class=\"elementor-widget-container\">\n\t\t\t\t\t\t\t<div class=\"e-loop-nothing-found-message\">\n\t\t<\/div>\n\t\t\t\t\t\t<\/div>\n\t\t\t\t<\/div>\n\t\t\t\t\t<\/div>\n\t\t\t\t<\/div>\n\t\t\t\t<\/div>","protected":false},"excerpt":{"rendered":"<p>Skiing Experience an exciting skiing adventure in Kola\u0161in, Montenegro. Enjoy skiing on the slopes, as well as backcountry skiing. Take in the breathtaking mountain views as you ski down the slopes, or embark on a free ski touring adventure to explore the untouched terrain. Available Tours: Please contact us\u00a0to prepare a custom trip suitable for [&hellip;]<\/p>","protected":false},"author":1,"featured_media":0,"parent":0,"menu_order":0,"comment_status":"closed","ping_status":"closed","template":"","meta":{"_acf_changed":false,"footnotes":""},"class_list":["post-5252","page","type-page","status-publish","hentry"],"acf":[],"_links":{"self":[{"href":"https:\/\/tajus.eu\/sl\/wp-json\/wp\/v2\/pages\/5252","targetHints":{"allow":["GET"]}}],"collection":[{"href":"https:\/\/tajus.eu\/sl\/wp-json\/wp\/v2\/pages"}],"about":[{"href":"https:\/\/tajus.eu\/sl\/wp-json\/wp\/v2\/types\/page"}],"author":[{"embeddable":true,"href":"https:\/\/tajus.eu\/sl\/wp-json\/wp\/v2\/users\/1"}],"replies":[{"embeddable":true,"href":"https:\/\/tajus.eu\/sl\/wp-json\/wp\/v2\/comments?post=5252"}],"version-history":[{"count":16,"href":"https:\/\/tajus.eu\/sl\/wp-json\/wp\/v2\/pages\/5252\/revisions"}],"predecessor-version":[{"id":5321,"href":"https:\/\/tajus.eu\/sl\/wp-json\/wp\/v2\/pages\/5252\/revisions\/5321"}],"wp:attachment":[{"href":"https:\/\/tajus.eu\/sl\/wp-json\/wp\/v2\/media?parent=5252"}],"curies":[{"name":"wp","href":"https:\/\/api.w.org\/{rel}","templated":true}]}}